{"id":6,"date":"2022-03-22T16:07:04","date_gmt":"2022-03-22T16:07:04","guid":{"rendered":"https:\/\/mastercaffe.uniroma3.it\/?page_id=2"},"modified":"2025-12-09T09:54:36","modified_gmt":"2025-12-09T09:54:36","slug":"sample-page-2","status":"publish","type":"page","link":"https:\/\/athanasiuskircher.uniroma3.it\/?page_id=6","title":{"rendered":"Team"},"content":{"rendered":"\n<div class=\"wp-block-group alignfull is-layout-constrained wp-block-group-is-layout-constrained\">\n<div class=\"wp-block-cover alignfull has-parallax\"><div class=\"wp-block-cover__image-background wp-image-624 size-full has-parallax\" style=\"background-position:50% 50%;background-image:url(https:\/\/athanasiuskircher.uniroma3.it\/wp-content\/uploads\/2025\/11\/mundussubterranep258color-1.webp)\"><\/div><span aria-hidden=\"true\" class=\"wp-block-cover__background has-background-dim-30 has-background-dim\"><\/span><div class=\"wp-block-cover__inner-container is-layout-constrained wp-block-cover-is-layout-constrained\">\n<h2 class=\"wp-block-heading has-text-align-center has-ti-fg-alt-color has-text-color has-link-color wp-elements-dd6a6ea7cf77ddba217e67a4acd358eb\">Team<\/h2>\n<\/div><\/div>\n<\/div>\n\n\n\n<div style=\"height:30px\" aria-hidden=\"true\" class=\"wp-block-spacer\"><\/div>\n\n\n\n<blockquote class=\"wp-block-quote is-layout-flow wp-block-quote-is-layout-flow\">\n<p>Manfredi Merluzzi (Universit\u00e0 Roma Tre)<\/p>\n<\/blockquote>\n\n\n\n<details class=\"wp-block-details has-ti-bg-background-color has-background is-layout-flow wp-block-details-is-layout-flow\"><summary><strong>PI del progetto AKA<\/strong>, <strong>professore ordinario di Storia dell&#8217;et\u00e0 moderna<\/strong> presso l&#8217;Universit\u00e0 Roma Tre gi\u00e0 direttore del Dipartimento di Studi Umanistici. Ha conseguito un dottorato di ricerca in Storia delle Americhe ed \u00e8 esperto di storia dell&#8217;America Latina nel periodo della monarchia asburgica. Ha pubblicato diversi volumi sul Vicereame del Per\u00f9, sulle fonti storiche e sulla storiografia. Partecipa a diversi gruppi di ricerca internazionali e coordina il nodo \u201cRepresentaciones y auto representaciones del poder en las sociedades y los territorios de frontera\u201d della Red Columnaria.<\/summary>\n<p>\u00c8 membro del comitato direttivo di numerosi progetti internazionali come Primed (2021-2021), REDIF (dal 2020), Transcribir America (2022-2023), Elitesit (2017-2021), Cliohworld (2009-2011), Cliohnet2 (2005-2008), direttore del CRISA (2016-2018), \u00e8 coordinatore del progetto: Frontiere: modelli politici e culturali di integrazione e conflitto in Europa e in America in et\u00e0 moderna e contemporanea (2012 -2013) ed \u00e8 autore dei libri: <em>Tra Roma Madrid e i nuovi mondi<\/em>, <em>le canonizzazioni del 1622 e la competizione tra gli universalismi cattolici<\/em>, 2025 Rubbettino, <em>La Vergine contesa. Roma l\u2019Immacolata Concezione e l\u2019universalismo della Monarchia Cattolica (secc. XVII-XIX),<\/em> (con F. Tudini e G. Sabatini) Viella 2022, <em>Conoscenza, governo e narrazione del potere nelle Monarchie Iberiche (secoli XVI-XVIII),<\/em> (con F. Tudini e G. Sabatini)CHEIRON 2020, <em>La pacificazione del regno. Negoziazione e creazione del consenso in Per\u00f9 (1533-1581),<\/em> Viella 2008, <em>Politica e governo nel Nuovo Mondo: Francisco De Toledo vicer\u00e9 del Per\u00f9 (1569-1581), <\/em>Carocci 2008.<\/p>\n<\/details>\n\n\n\n<div style=\"height:30px\" aria-hidden=\"true\" class=\"wp-block-spacer\"><\/div>\n\n\n\n<div class=\"wp-block-group alignwide is-layout-constrained wp-block-group-is-layout-constrained\">\n<hr class=\"wp-block-separator alignfull has-text-color has-black-color has-alpha-channel-opacity has-black-background-color has-background is-style-wide\"\/>\n\n\n\n<blockquote class=\"wp-block-quote is-layout-flow wp-block-quote-is-layout-flow\">\n<p>Silvia Argurio ( Universit\u00e0 Roma Tre &#8211; Link Campus University)<\/p>\n<\/blockquote>\n\n\n\n<details class=\"wp-block-details has-ti-bg-background-color has-background is-layout-flow wp-block-details-is-layout-flow\"><summary><strong>Ricercatrice<\/strong> <strong>in&nbsp;Letteratura italiana<\/strong> <strong>e filologia digitale<\/strong> presso l&#8217;Univerisit\u00e0 Roma Tre e Link Campus University. Ha collaborato come assegnista di ricerca per il progetto di parternariato della Fondazione Changes con una borsa dal titolo &#8220;Conoscere e interpretare il mondo di Athanasius Kircher: letteratura, mistica e scienza in et\u00e0 barocca&#8221;<em> <\/em>(2023 &#8211; 2024).<\/summary>\n<p><\/p>\n<\/details>\n\n\n\n<hr class=\"wp-block-separator has-alpha-channel-opacity\"\/>\n\n\n\n<blockquote class=\"wp-block-quote is-layout-flow wp-block-quote-is-layout-flow\">\n<p>Licia Bianchi ( Universit\u00e0 Roma Tre &#8211; Universitat Pompeu Fabra)<\/p>\n<\/blockquote>\n<\/div>\n\n\n\n<details class=\"wp-block-details has-ti-bg-background-color has-background is-layout-flow wp-block-details-is-layout-flow\"><summary><strong>Dottoranda in Storia moderna<\/strong> <strong>e Digital Humanities<\/strong>, borsa di dottorato \u201cDipartimento d\u2019eccellenza 2023: Conoscere e rappresentare il mondo: dall\u2019intelligenza delle cose all\u2019intelligenza artificiale 1623-2023\u201d per il XXXIX ciclo del corso di Storia, Territorio e Patrimonio Culturale dell&#8217;Universit\u00e0 Roma Tre. Conduce la sua tesi in co-tutela con l&#8217;Universitat Pompeu Fabra con un progetto dedicato alla produzione collezionistico-enciclopedica di Athanasius Kircher dal titolo: <em>Incorporare il mondo. Athanasius Kircher, oggetti e lessico universlale della conoscenza dal Collegio Romano (XVII sec.) alla World-building<\/em>.<\/summary>\n<p>Laurea Magistrale in Scienze dello Spettacolo e Produzione Multimediale, tesi in Epistemologia della Arti e Storia delle religioni (Universit\u00e0 IUAV di Venezia &#8211; Universit\u00e0 Ca\u2019 Foscari di Venezia). Collabora con gruppi di ricerca, centri universitari e istituzioni per la valorizzazione storica del patrimonio e la divulgazione scientifica dei prodotti della ricerca, interessandosi dei processi attivabili tra la storia materiale e la storia delle idee anche attraverso la progettazione di archivi e architetture semantiche in ambiente web.<\/p>\n<\/details>\n\n\n\n<hr class=\"wp-block-separator has-alpha-channel-opacity\"\/>\n\n\n\n<div class=\"wp-block-group is-layout-constrained wp-block-group-is-layout-constrained\">\n<blockquote class=\"wp-block-quote is-layout-flow wp-block-quote-is-layout-flow\">\n<p>Simona D\u2019Angeli (Universit\u00e0 Roma Tre)<\/p>\n<\/blockquote>\n\n\n\n<details class=\"wp-block-details has-ti-bg-background-color has-background is-layout-flow wp-block-details-is-layout-flow\"><summary><strong>Dottoranda in Storia moderna<\/strong>, XLI ciclo del corso di Storia, Territorio e Patrimonio Culturale, presso il Dipartimento di Studi Umanistici dell&#8217;Universit\u00e0 Roma Tre, ha ottenuto una borsa di ricerca post-lauream nell\u2019ambito del progetto AKA promossa dalla Fondazione Changes presso la stessa Universit\u00e0 (luglio 2025 &#8211; dicembre 2025).<\/summary>\n<p>Laureata con lode in Storia Internazionale e Global History presso l\u2019Universit\u00e0 degli Studi Roma Tre nel 2024, Da maggio dello stesso anno collabora con l\u2019Universit\u00e0 degli Studi della Campania \u201cLuigi Vanvitelli\u201d e l\u2019Universit\u00e0 di Roma Tre nel progetto PNRR per la digitalizzazione del Fondo archivistico di Federico Chabod presso l\u2019Istituto Storico Italiano per la Storia Moderna e Contemporanea. <\/p>\n\n\n\n<p>Profilo Linkedin: <a href=\"http:\/\/www.linkedin.com\/in\/simonadangeli\">www.linkedin.com\/in\/simonadangeli<\/a><\/p>\n<\/details>\n\n\n\n<hr class=\"wp-block-separator has-alpha-channel-opacity\"\/>\n<\/div>\n\n\n\n<div class=\"wp-block-group is-layout-constrained wp-block-group-is-layout-constrained\">\n<blockquote class=\"wp-block-quote is-layout-flow wp-block-quote-is-layout-flow\">\n<p>Valentina Emiliani (Universit\u00e0 Roma Tre)<\/p>\n<\/blockquote>\n\n\n\n<details class=\"wp-block-details has-ti-bg-background-color has-background is-layout-flow wp-block-details-is-layout-flow\"><summary><strong>(PhD) \u00e8 storica e archivista dell\u2019et\u00e0 moderna<\/strong>. Dottoressa di ricerca in Storia, Territorio e Patrimonio culturale presso l\u2019Universit\u00e0 di Roma Tre e in Historia Moderna presso l\u2019Universidad de Cantabria y Universidad Aut\u00f3noma de Madrid, ha conseguito il diploma in Archivistica presso l\u2019Archivio Apostolico Vaticano dove ha lavorato come borsista per il riordinamento e inventariazione della serie <em>Positiones<\/em> del Tibunale della Sacra Romana Rota. <\/summary>\n<p>Assegnista di Ricerca nel progetto PNRR- Changes \u201cSabina Sacra. Panorami di diversit\u00e0: Ebrei, Cristiani e spazio sacro in Sabina e nella Valle dell&#8217;Aniene, tra Tarda Antichit\u00e0 ed Et\u00e0 Contemporanea\u201d, \u00e8 membro di diversi gruppi di ricerca internazionali. I suoi interessi di ricerca riguardano la corte di Roma, le \u00e9lite europee, i rapporti diplomatici del papato e Spagna e le forme di rappresentazione del potere. In particolare, si occupa della figura di Giovanni Battista Pamphilj, meglio noto come Innocenzo X negli anni precedenti al suo pontificato.<\/p>\n\n\n\n<p>In qualit\u00e0 di assegnista di ricerca nel progetto AKA studia i rapporti tra Athanasius Kircher, il Collegio Romano e la nobilt\u00e0 romana nel contesto politico e culturale del Seicento e l\u2019impatto che gli studi del gesuita ebbero sull\u2019universalismo della Chiesa.<\/p>\n\n\n\n<p><a href=\"https:\/\/uniromatre.academia.edu\/ValentinaEmiliani\">https:\/\/uniromatre.academia.edu\/ValentinaEmiliani<\/a><\/p>\n<\/details>\n\n\n\n<hr class=\"wp-block-separator has-alpha-channel-opacity\"\/>\n<\/div>\n","protected":false},"excerpt":{"rendered":"<p>Manfredi Merluzzi (Universit\u00e0 Roma Tre) Silvia Argurio ( Universit\u00e0 Roma Tre &#8211; Link Campus University) Licia Bianchi ( Universit\u00e0 Roma Tre &#8211; Universitat Pompeu Fabra) Simona D\u2019Angeli (Universit\u00e0 Roma Tre) Valentina Emiliani (Universit\u00e0 Roma Tre)<\/p>\n","protected":false},"author":1,"featured_media":0,"parent":0,"menu_order":0,"comment_status":"closed","ping_status":"closed","template":"","meta":{"footnotes":""},"class_list":["post-6","page","type-page","status-publish","hentry"],"_links":{"self":[{"href":"https:\/\/athanasiuskircher.uniroma3.it\/index.php?rest_route=\/wp\/v2\/pages\/6","targetHints":{"allow":["GET"]}}],"collection":[{"href":"https:\/\/athanasiuskircher.uniroma3.it\/index.php?rest_route=\/wp\/v2\/pages"}],"about":[{"href":"https:\/\/athanasiuskircher.uniroma3.it\/index.php?rest_route=\/wp\/v2\/types\/page"}],"author":[{"embeddable":true,"href":"https:\/\/athanasiuskircher.uniroma3.it\/index.php?rest_route=\/wp\/v2\/users\/1"}],"replies":[{"embeddable":true,"href":"https:\/\/athanasiuskircher.uniroma3.it\/index.php?rest_route=%2Fwp%2Fv2%2Fcomments&post=6"}],"version-history":[{"count":17,"href":"https:\/\/athanasiuskircher.uniroma3.it\/index.php?rest_route=\/wp\/v2\/pages\/6\/revisions"}],"predecessor-version":[{"id":834,"href":"https:\/\/athanasiuskircher.uniroma3.it\/index.php?rest_route=\/wp\/v2\/pages\/6\/revisions\/834"}],"wp:attachment":[{"href":"https:\/\/athanasiuskircher.uniroma3.it\/index.php?rest_route=%2Fwp%2Fv2%2Fmedia&parent=6"}],"curies":[{"name":"wp","href":"https:\/\/api.w.org\/{rel}","templated":true}]}}